{"id":175,"date":"2023-12-14T12:54:52","date_gmt":"2023-12-14T12:54:52","guid":{"rendered":"https:\/\/gruposupra.med.br\/?page_id=175"},"modified":"2023-12-14T12:54:52","modified_gmt":"2023-12-14T12:54:52","slug":"home-care","status":"publish","type":"page","link":"https:\/\/gruposupra.med.br\/index.php\/home-care\/","title":{"rendered":"Home Care"},"content":{"rendered":"\n<p>Home care, tamb\u00e9m conhecido como cuidado domiciliar ou assist\u00eancia domiciliar, \u00e9 um servi\u00e7o de sa\u00fade que tem como objetivo prover cuidados m\u00e9dicos e de enfermagem no conforto do lar do paciente. Esse tipo de cuidado \u00e9 voltado para pessoas que possuem algum tipo de limita\u00e7\u00e3o ou necessidade especial de sa\u00fade, como idosos, pessoas com defici\u00eancias f\u00edsicas ou mentais, ou aqueles que se encontram em recupera\u00e7\u00e3o de cirurgias ou doen\u00e7as.<\/p>\n\n\n\n<p>O home care proporciona uma alternativa mais familiar e acolhedora em compara\u00e7\u00e3o com interna\u00e7\u00f5es em hospitais ou institui\u00e7\u00f5es de sa\u00fade. Ele permite que o paciente receba os cuidados necess\u00e1rios em seu pr\u00f3prio ambiente, cercado por sua fam\u00edlia e seus objetos pessoais, o que pode influenciar positivamente na sua recupera\u00e7\u00e3o e qualidade de vida.<\/p>\n\n\n\n<p>Os servi\u00e7os oferecidos por uma equipe de home care podem incluir cuidados de enfermagem, como administra\u00e7\u00e3o de medicamentos, curativos, controle de sinais vitais, tratamento de feridas e acompanhamento da sa\u00fade do paciente. Al\u00e9m disso, eles tamb\u00e9m podem auxiliar nas atividades de vida di\u00e1ria, como higiene pessoal, alimenta\u00e7\u00e3o, mobilidade e suporte emocional.<\/p>\n\n\n\n<p>Outros profissionais de sa\u00fade, como fisioterapeutas, fonoaudi\u00f3logos, terapeutas ocupacionais e assistentes sociais, podem fazer parte da equipe de home care, de acordo com as necessidades espec\u00edficas do paciente.<\/p>\n\n\n\n<p>\u00c9 importante ressaltar que o servi\u00e7o de home care \u00e9 devidamente regulamentado e deve ser realizado por profissionais qualificados e capacitados. A escolha de uma empresa de home care confi\u00e1vel e com refer\u00eancias positivas \u00e9 essencial para garantir a qualidade e a seguran\u00e7a dos cuidados prestados.<\/p>\n\n\n\n<p>O home care proporciona uma op\u00e7\u00e3o mais acolhedora e humanizada para os cuidados de sa\u00fade, permitindo que os pacientes recebam aten\u00e7\u00e3o especializada em seu pr\u00f3prio ambiente, o que contribui para sua qualidade de vida e bem-estar.<\/p>\n","protected":false},"excerpt":{"rendered":"<p>Home care, tamb\u00e9m conhecido como cuidado domiciliar ou assist\u00eancia domiciliar, \u00e9 um servi\u00e7o de sa\u00fade que tem como objetivo prover cuidados m\u00e9dicos e de enfermagem no conforto do lar do paciente. Esse tipo de cuidado \u00e9 voltado para pessoas que possuem algum tipo de limita\u00e7\u00e3o ou necessidade especial de sa\u00fade, como idosos, pessoas com defici\u00eancias [&hellip;]<\/p>\n","protected":false},"author":1,"featured_media":0,"parent":0,"menu_order":0,"comment_status":"closed","ping_status":"closed","template":"","meta":{"footnotes":""},"class_list":["post-175","page","type-page","status-publish","hentry"],"_links":{"self":[{"href":"https:\/\/gruposupra.med.br\/index.php\/wp-json\/wp\/v2\/pages\/175","targetHints":{"allow":["GET"]}}],"collection":[{"href":"https:\/\/gruposupra.med.br\/index.php\/wp-json\/wp\/v2\/pages"}],"about":[{"href":"https:\/\/gruposupra.med.br\/index.php\/wp-json\/wp\/v2\/types\/page"}],"author":[{"embeddable":true,"href":"https:\/\/gruposupra.med.br\/index.php\/wp-json\/wp\/v2\/users\/1"}],"replies":[{"embeddable":true,"href":"https:\/\/gruposupra.med.br\/index.php\/wp-json\/wp\/v2\/comments?post=175"}],"version-history":[{"count":1,"href":"https:\/\/gruposupra.med.br\/index.php\/wp-json\/wp\/v2\/pages\/175\/revisions"}],"predecessor-version":[{"id":177,"href":"https:\/\/gruposupra.med.br\/index.php\/wp-json\/wp\/v2\/pages\/175\/revisions\/177"}],"wp:attachment":[{"href":"https:\/\/gruposupra.med.br\/index.php\/wp-json\/wp\/v2\/media?parent=175"}],"curies":[{"name":"wp","href":"https:\/\/api.w.org\/{rel}","templated":true}]}}