{"id":184,"date":"2023-12-14T12:56:56","date_gmt":"2023-12-14T12:56:56","guid":{"rendered":"https:\/\/gruposupra.med.br\/?page_id=184"},"modified":"2023-12-14T12:56:56","modified_gmt":"2023-12-14T12:56:56","slug":"primeiros-socorros","status":"publish","type":"page","link":"https:\/\/gruposupra.med.br\/index.php\/primeiros-socorros\/","title":{"rendered":"Primeiros Socorros"},"content":{"rendered":"\n<p>Os primeiros socorros s\u00e3o medidas imediatas que visam preservar a vida, evitar o agravamento de les\u00f5es e acidentes e diminuir o sofrimento da v\u00edtima at\u00e9 a chegada do atendimento especializado.<\/p>\n\n\n\n<p>Algumas medidas que podem ser tomadas nos primeiros socorros incluem:<\/p>\n\n\n\n<p>1. Avalia\u00e7\u00e3o da cena do acidente: \u00e9 importante verificar se a cena \u00e9 segura para o socorrista e para a v\u00edtima.<\/p>\n\n\n\n<p>2. Verifica\u00e7\u00e3o da resposta da v\u00edtima: verificar se a v\u00edtima est\u00e1 consciente, respirando e tem pulso.<\/p>\n\n\n\n<p>3. Atendimento das vias a\u00e9reas: em casos de engasgo, deve-se realizar a manobra de Heimlich. Em casos de inconsci\u00eancia, a l\u00edngua pode obstruir as vias a\u00e9reas e deve ser retirada cuidadosamente.<\/p>\n\n\n\n<p>4. Estancamento de sangramentos: em casos de hemorragia externa, deve-se realizar a compress\u00e3o direta do local da les\u00e3o para controlar o sangramento. Se a hemorragia for muito intensa, pode-se utilizar um torniquete.<\/p>\n\n\n\n<p>5. Imobiliza\u00e7\u00e3o de fraturas: a imobiliza\u00e7\u00e3o da \u00e1rea lesionada \u00e9 importante para evitar o agravamento da les\u00e3o. N\u00e3o se deve tentar reposicionar ou colocar a articula\u00e7\u00e3o no lugar.<\/p>\n\n\n\n<p>6. Atendimento \u00e0 v\u00edtima de queimaduras: \u00e9 importante resfriar a \u00e1rea afetada com \u00e1gua corrente fria e n\u00e3o utilizar nenhum produto\/instrumento que possa agravar a les\u00e3o.<\/p>\n\n\n\n<p>7. Realiza\u00e7\u00e3o de RCP (ressuscita\u00e7\u00e3o cardiopulmonar): em casos de parada cardiorrespirat\u00f3ria \u00e9 importante iniciar a RCP (massagem card\u00edaca) imediatamente.<\/p>\n\n\n\n<p>Lembrando que \u00e9 importante chamar o atendimento especializado (SAMU, Bombeiros, pronto-socorro) assim que poss\u00edvel para dar continuidade ao atendimento da v\u00edtima. Al\u00e9m disso, as medidas de primeiros socorros podem diferir dependendo do tipo de les\u00e3o ou acidente, por isso \u00e9 importante buscar treinamentos e capacita\u00e7\u00f5es para aprender a como agir em diferentes situa\u00e7\u00f5es.<\/p>\n","protected":false},"excerpt":{"rendered":"<p>Os primeiros socorros s\u00e3o medidas imediatas que visam preservar a vida, evitar o agravamento de les\u00f5es e acidentes e diminuir o sofrimento da v\u00edtima at\u00e9 a chegada do atendimento especializado. Algumas medidas que podem ser tomadas nos primeiros socorros incluem: 1. Avalia\u00e7\u00e3o da cena do acidente: \u00e9 importante verificar se a cena \u00e9 segura para [&hellip;]<\/p>\n","protected":false},"author":1,"featured_media":0,"parent":0,"menu_order":0,"comment_status":"closed","ping_status":"closed","template":"","meta":{"footnotes":""},"class_list":["post-184","page","type-page","status-publish","hentry"],"_links":{"self":[{"href":"https:\/\/gruposupra.med.br\/index.php\/wp-json\/wp\/v2\/pages\/184","targetHints":{"allow":["GET"]}}],"collection":[{"href":"https:\/\/gruposupra.med.br\/index.php\/wp-json\/wp\/v2\/pages"}],"about":[{"href":"https:\/\/gruposupra.med.br\/index.php\/wp-json\/wp\/v2\/types\/page"}],"author":[{"embeddable":true,"href":"https:\/\/gruposupra.med.br\/index.php\/wp-json\/wp\/v2\/users\/1"}],"replies":[{"embeddable":true,"href":"https:\/\/gruposupra.med.br\/index.php\/wp-json\/wp\/v2\/comments?post=184"}],"version-history":[{"count":1,"href":"https:\/\/gruposupra.med.br\/index.php\/wp-json\/wp\/v2\/pages\/184\/revisions"}],"predecessor-version":[{"id":186,"href":"https:\/\/gruposupra.med.br\/index.php\/wp-json\/wp\/v2\/pages\/184\/revisions\/186"}],"wp:attachment":[{"href":"https:\/\/gruposupra.med.br\/index.php\/wp-json\/wp\/v2\/media?parent=184"}],"curies":[{"name":"wp","href":"https:\/\/api.w.org\/{rel}","templated":true}]}}